{"id":4,"date":"2020-05-18T18:21:15","date_gmt":"2020-05-18T18:21:15","guid":{"rendered":"https:\/\/lebenshofodenwald.live-website.com\/willkommen-auf-https-lebenshofodenwald-live-website-com"},"modified":"2026-03-12T11:34:49","modified_gmt":"2026-03-12T11:34:49","slug":"willkommen-auf-https-lebenshofodenwald-live-website-com","status":"publish","type":"page","link":"https:\/\/lebenshof-odenwald.de\/en\/","title":{"rendered":"Your donation for the animals"},"content":{"rendered":"<h1 class=\"wp-block-heading\">Your donation for the animals<\/h1>\n\n\n<div class=\"wp-block-image\">\n<figure class=\"alignleft size-large is-resized\"><img loading=\"lazy\" decoding=\"async\" width=\"1024\" height=\"576\" src=\"https:\/\/lebenshof-odenwald.de\/wp-content\/uploads\/2024\/06\/2023-07-12_Joar-Berge_TA_00048_digital-crop-1024x576.jpg\" alt=\"\" class=\"wp-image-2060\" style=\"width:433px;height:auto\" srcset=\"https:\/\/lebenshof-odenwald.de\/wp-content\/uploads\/2024\/06\/2023-07-12_Joar-Berge_TA_00048_digital-crop-1024x576.jpg 1024w, https:\/\/lebenshof-odenwald.de\/wp-content\/uploads\/2024\/06\/2023-07-12_Joar-Berge_TA_00048_digital-crop-300x169.jpg 300w, https:\/\/lebenshof-odenwald.de\/wp-content\/uploads\/2024\/06\/2023-07-12_Joar-Berge_TA_00048_digital-crop-768x432.jpg 768w, https:\/\/lebenshof-odenwald.de\/wp-content\/uploads\/2024\/06\/2023-07-12_Joar-Berge_TA_00048_digital-crop-18x10.jpg 18w, https:\/\/lebenshof-odenwald.de\/wp-content\/uploads\/2024\/06\/2023-07-12_Joar-Berge_TA_00048_digital-crop-107x60.jpg 107w, https:\/\/lebenshof-odenwald.de\/wp-content\/uploads\/2024\/06\/2023-07-12_Joar-Berge_TA_00048_digital-crop.jpg 1280w\" sizes=\"auto, (max-width: 1024px) 100vw, 1024px\" \/><\/figure>\n<\/div>\n\n\n<p class=\"has-text-align-center\"><em><strong>\u201cSaving one animal doesn't change the whole world, but the whole world changes for that one animal.\u201d<\/strong><\/em><\/p>\n\n\n\n<figure class=\"wp-block-image size-full\"><img loading=\"lazy\" decoding=\"async\" width=\"100\" height=\"100\" src=\"https:\/\/lebenshof-odenwald.de\/wp-content\/uploads\/2024\/06\/Background.png\" alt=\"\" class=\"wp-image-2094\" srcset=\"https:\/\/lebenshof-odenwald.de\/wp-content\/uploads\/2024\/06\/Background.png 100w, https:\/\/lebenshof-odenwald.de\/wp-content\/uploads\/2024\/06\/Background-12x12.png 12w, https:\/\/lebenshof-odenwald.de\/wp-content\/uploads\/2024\/06\/Background-60x60.png 60w\" sizes=\"auto, (max-width: 100px) 100vw, 100px\" \/><\/figure>\n\n\n\n<p class=\"has-text-align-center\"><\/p>\n\n\n<div class=\"wp-block-image\">\n<figure class=\"aligncenter size-full is-resized\"><a href=\"https:\/\/www.paypal.com\/donate?hosted_button_id=H4Y677DHDWPRN\" target=\"_blank\" rel=\"noreferrer noopener\"><img loading=\"lazy\" decoding=\"async\" width=\"1024\" height=\"354\" src=\"https:\/\/lebenshof-odenwald.de\/wp-content\/uploads\/2024\/06\/donate_large-1.jpg\" alt=\"\" class=\"wp-image-2114\" style=\"width:359px;height:auto\" srcset=\"https:\/\/lebenshof-odenwald.de\/wp-content\/uploads\/2024\/06\/donate_large-1.jpg 1024w, https:\/\/lebenshof-odenwald.de\/wp-content\/uploads\/2024\/06\/donate_large-1-300x104.jpg 300w, https:\/\/lebenshof-odenwald.de\/wp-content\/uploads\/2024\/06\/donate_large-1-768x266.jpg 768w, https:\/\/lebenshof-odenwald.de\/wp-content\/uploads\/2024\/06\/donate_large-1-18x6.jpg 18w, https:\/\/lebenshof-odenwald.de\/wp-content\/uploads\/2024\/06\/donate_large-1-174x60.jpg 174w\" sizes=\"auto, (max-width: 1024px) 100vw, 1024px\" \/><\/a><\/figure>\n<\/div>\n\n\n<p class=\"has-text-align-center\"><a href=\"https:\/\/www.xe.com\/de\/currencyconverter\/convert\/?Amount=1&amp;From=USD&amp;To=EUR\" target=\"_blank\" rel=\"noreferrer noopener\"><sub>Click here to convert euros to dollars.<\/sub><\/a><\/p>\n\n\n\n<script type=\"text\/javascript\" src=\"https:\/\/secure.fundraisingbox.com\/app\/paymentJS?hash=oll2ypnfzlnm7u66\"><\/script><noscript>Please enable JavaScript<\/noscript><a target=\"_blank\" href=\"https:\/\/www.fundraisingbox.com\/?utm_source=donation_form\" rel=\"noopener\"><img decoding=\"async\" border=\"0\" style=\"border: 0 !important\" src=\"https:\/\/secure.fundraisingbox.com\/images\/FundraisingBox-Logo-Widget.png\" alt=\"FundraisingBox Logo\" \/><\/a>\n\n\n\n<h2 class=\"wp-block-heading\">Support for over 50 rescued animals<\/h2>\n\n\n\n<div class=\"wp-block-cover\"><img loading=\"lazy\" decoding=\"async\" width=\"1024\" height=\"683\" class=\"wp-block-cover__image-background wp-image-2042\" alt=\"Kuh Hanni und Mogli Junior\" src=\"https:\/\/lebenshof-odenwald.de\/wp-content\/uploads\/2024\/05\/2024-01-14_Joar-Berge_TA_00023_digital-crop-1024x683.jpg\" data-object-fit=\"cover\" srcset=\"https:\/\/lebenshof-odenwald.de\/wp-content\/uploads\/2024\/05\/2024-01-14_Joar-Berge_TA_00023_digital-crop-1024x683.jpg 1024w, https:\/\/lebenshof-odenwald.de\/wp-content\/uploads\/2024\/05\/2024-01-14_Joar-Berge_TA_00023_digital-crop-300x200.jpg 300w, https:\/\/lebenshof-odenwald.de\/wp-content\/uploads\/2024\/05\/2024-01-14_Joar-Berge_TA_00023_digital-crop-768x512.jpg 768w, https:\/\/lebenshof-odenwald.de\/wp-content\/uploads\/2024\/05\/2024-01-14_Joar-Berge_TA_00023_digital-crop-1536x1025.jpg 1536w, https:\/\/lebenshof-odenwald.de\/wp-content\/uploads\/2024\/05\/2024-01-14_Joar-Berge_TA_00023_digital-crop-18x12.jpg 18w, https:\/\/lebenshof-odenwald.de\/wp-content\/uploads\/2024\/05\/2024-01-14_Joar-Berge_TA_00023_digital-crop-90x60.jpg 90w, https:\/\/lebenshof-odenwald.de\/wp-content\/uploads\/2024\/05\/2024-01-14_Joar-Berge_TA_00023_digital-crop-374x249.jpg 374w, https:\/\/lebenshof-odenwald.de\/wp-content\/uploads\/2024\/05\/2024-01-14_Joar-Berge_TA_00023_digital-crop.jpg 1865w\" sizes=\"auto, (max-width: 1024px) 100vw, 1024px\" \/><span aria-hidden=\"true\" class=\"wp-block-cover__background has-background-dim\"><\/span><div class=\"wp-block-cover__inner-container is-layout-flow wp-block-cover-is-layout-flow\">\n<p class=\"has-text-align-center has-medium-font-size\"><em>On behalf of all our rescued animals <strong>\u2013<\/strong> thank you for your donation<\/em>!<\/p>\n<\/div><\/div>\n\n\n\n<p><em><sub>Picture: Hanni and her son Mogli Junior. Hanni will give birth to her last calf at our sanctuary this summer.<\/sub><\/em><\/p>\n\n\n\n<p>We are a sanctuary in Germany that provides a safe place to live for over 50 animals that would otherwise not have been so lucky. These are mainly so-called farm animals, and our mission is to give each being a beautiful life created for their specific needs.<\/p>\n\n\n\n<p>In order to ensure the welfare of the animals, our daily costs include feed, animal needs, medical care, maintenance, care of the farm and pastures, as well as equipment, insurance, and staff. It is also very important for us to tell the stories of our animals through social media and other outlets. So whether it\u2019s our cows, pigs, goats, turkeys, chickens, ducks or rabbits, we aim to give them a voice, and show the world that each of these individuals have a unique personality with their very own feelings and emotions.<\/p>\n\n\n\n<p>We would be delighted if you could make your contribution for the animals. Every contribution counts and ultimately helps the rescued animals.<\/p>\n\n\n\n<p>Thank you!<\/p>\n\n\n\n<h2 class=\"wp-block-heading\">NEWS: HAPPY END for father, mother and children<\/h2>\n\n\n\n<p>The story of Hanni and Mogli Junior - mother and son, who moved in with us a few weeks ago - is not really a classic rescue story. And yet it is a story with <strong>Happy end for father, mother and children<\/strong>.<\/p>\n\n\n\n<figure class=\"wp-block-embed aligncenter is-type-video is-provider-youtube wp-block-embed-youtube wp-embed-aspect-16-9 wp-has-aspect-ratio\"><div class=\"wp-block-embed__wrapper\">\n<iframe loading=\"lazy\" title=\"Exiting News: Happy End f\u00fcr Vater, Mutter &amp; Kinder \u2013 Lebenshof Geschichten # 6\" width=\"790\" height=\"444\" src=\"https:\/\/www.youtube.com\/embed\/bObx_Uqckac?feature=oembed\" frameborder=\"0\" allow=\"accelerometer; autoplay; clipboard-write; encrypted-media; gyroscope; picture-in-picture; web-share\" referrerpolicy=\"strict-origin-when-cross-origin\" allowfullscreen><\/iframe>\n<\/div><figcaption class=\"wp-element-caption\"><em><strong>The happy ending story on YouTube. <\/strong><a href=\"https:\/\/youtube.com\/@moustache_farmer?sub_confirmation=1\" target=\"_blank\" rel=\"noreferrer noopener\">Subscribe to the channel for more stories of the sanctuary.<\/a><\/em><\/figcaption><\/figure>\n\n\n\n<div class=\"wp-block-buttons is-content-justification-center is-layout-flex wp-container-core-buttons-is-layout-16018d1d wp-block-buttons-is-layout-flex\">\n<div class=\"wp-block-button is-style-outline is-style-outline--2\"><a class=\"wp-block-button__link wp-element-button\" href=\"https:\/\/lebenshof-odenwald.de\/en\/hanni-junior\/\"><mark style=\"background-color:#ffffff;color:#bf8254\" class=\"has-inline-color\"><strong>Read Happy Ending story<\/strong><\/mark> <mark style=\"background-color:#ffffff;color:#bf8254\" class=\"has-inline-color\"><\/mark><\/a><\/div>\n<\/div>\n\n\n\n<h2 class=\"wp-block-heading has-large-font-size\">Tales Of The Sanctuary<\/h2>\n\n\n\n<h3 class=\"wp-block-heading has-medium-font-size\">New YouTube video series<\/h3>\n\n\n\n<p class=\"has-medium-font-size\">Joar Berge: \"With this video series, I would like to take you with me to the sanctuary, give you an insight into our work and show you encounters that touch me every day. Above all, I want to give the animals themselves a voice. To show that each of these creatures has its own personality with its own feelings and emotions.\"<\/p>\n\n\n\n<figure class=\"wp-block-embed is-type-video is-provider-youtube wp-block-embed-youtube wp-embed-aspect-16-9 wp-has-aspect-ratio\"><div class=\"wp-block-embed__wrapper\">\n<iframe loading=\"lazy\" title=\"Lebenshof Geschichten # 1\" width=\"790\" height=\"444\" src=\"https:\/\/www.youtube.com\/embed\/Qxl59PKA09M?feature=oembed\" frameborder=\"0\" allow=\"accelerometer; autoplay; clipboard-write; encrypted-media; gyroscope; picture-in-picture; web-share\" referrerpolicy=\"strict-origin-when-cross-origin\" allowfullscreen><\/iframe>\n<\/div><\/figure>\n\n\n\n<p><\/p>\n\n\n\n<h2 class=\"wp-block-heading has-large-font-size\">Der Kuhfl\u00fcsterer \u2013 Neustart auf dem Bauernhof (Only available in German)<\/h2>\n\n\n\n<h3 class=\"wp-block-heading has-medium-font-size\">WDR Documentary<\/h3>\n\n\n\n<figure class=\"wp-block-embed is-type-video is-provider-youtube wp-block-embed-youtube wp-embed-aspect-16-9 wp-has-aspect-ratio\"><div class=\"wp-block-embed__wrapper\">\n<iframe loading=\"lazy\" title=\"Neustart auf dem Bauernhof - von der Stadt aufs Land | WDR Doku\" width=\"790\" height=\"444\" src=\"https:\/\/www.youtube.com\/embed\/GGHM7zkUEWA?feature=oembed\" frameborder=\"0\" allow=\"accelerometer; autoplay; clipboard-write; encrypted-media; gyroscope; picture-in-picture; web-share\" referrerpolicy=\"strict-origin-when-cross-origin\" allowfullscreen><\/iframe>\n<\/div><\/figure>\n\n\n\n<p><\/p>\n\n\n\n<p class=\"has-medium-font-size\">In the first year, we were accompanied by a TV team from WDR. The result is what we think is an authentic and loving compilation of our time together on the farm. \"The cow whisperer - a new start on the farm\" gives you an insight into the life story of <a rel=\"noreferrer noopener\" href=\"https:\/\/moustache-farmer.de\/\" target=\"_blank\">Joar Berge<\/a> and how the sanctuary was created shortly afterwards together with friends. We have embedded the documentary for you here.<\/p>\n\n\n\n<p class=\"has-medium-font-size\"><\/p>\n\n\n\n<p class=\"has-medium-font-size\">We are very pleased about your interest, so much positive feedback and your support in so many different ways.<br>We would like to take you with us on our journey with the animals - with all the beautiful, but also difficult and sad moments.<br>You are welcome to visit our channels on <a rel=\"noreferrer noopener\" href=\"https:\/\/www.instagram.com\/lebenshof_odenwald\/\" target=\"_blank\">Instagram<\/a> and <a rel=\"noreferrer noopener\" href=\"https:\/\/www.facebook.com\/lebenshof.odenwald\/\" target=\"_blank\">Facebook<\/a> .<\/p>\n\n\n\n<p><\/p>\n\n\n\n<h2 class=\"wp-block-heading\">Questions &amp; suggestions<\/h2>\n\n\n\n<p class=\"has-medium-font-size\">We are happy to receive any request from you. Our team will do its best to answer all inquiries promptly. <a href=\"https:\/\/lebenshof-odenwald.de\/en\/imprimt\/\">Click here for the contact details<\/a>.<\/p>","protected":false},"excerpt":{"rendered":"<p>Wir sind ein kleiner Lebenshof im sch\u00f6nen Odenwald. Hier bieten wir einigen Tieren einen Lebensplatz, ohne dass sie hierf\u00fcr einen sogenannten &#8220;Nutzen&#8221; erbringen m\u00fcssen. Die Tiere werden hier f\u00fcrsorglich umsorgt und nach all unseren M\u00f6glichkeiten artgerecht gehalten.<\/p>","protected":false},"author":1,"featured_media":0,"parent":0,"menu_order":1,"comment_status":"closed","ping_status":"closed","template":"","meta":{"ngg_post_thumbnail":0,"footnotes":""},"class_list":["post-4","page","type-page","status-publish","hentry","latest_post"],"_links":{"self":[{"href":"https:\/\/lebenshof-odenwald.de\/en\/wp-json\/wp\/v2\/pages\/4","targetHints":{"allow":["GET"]}}],"collection":[{"href":"https:\/\/lebenshof-odenwald.de\/en\/wp-json\/wp\/v2\/pages"}],"about":[{"href":"https:\/\/lebenshof-odenwald.de\/en\/wp-json\/wp\/v2\/types\/page"}],"author":[{"embeddable":true,"href":"https:\/\/lebenshof-odenwald.de\/en\/wp-json\/wp\/v2\/users\/1"}],"replies":[{"embeddable":true,"href":"https:\/\/lebenshof-odenwald.de\/en\/wp-json\/wp\/v2\/comments?post=4"}],"version-history":[{"count":135,"href":"https:\/\/lebenshof-odenwald.de\/en\/wp-json\/wp\/v2\/pages\/4\/revisions"}],"predecessor-version":[{"id":2395,"href":"https:\/\/lebenshof-odenwald.de\/en\/wp-json\/wp\/v2\/pages\/4\/revisions\/2395"}],"wp:attachment":[{"href":"https:\/\/lebenshof-odenwald.de\/en\/wp-json\/wp\/v2\/media?parent=4"}],"curies":[{"name":"wp","href":"https:\/\/api.w.org\/{rel}","templated":true}]}}