{"id":258,"date":"2020-05-23T11:51:12","date_gmt":"2020-05-23T11:51:12","guid":{"rendered":"https:\/\/lebenshofodenwald.live-website.com\/?page_id=258"},"modified":"2025-10-28T19:53:26","modified_gmt":"2025-10-28T19:53:26","slug":"unterstuetzen","status":"publish","type":"page","link":"https:\/\/lebenshof-odenwald.de\/en\/support-us","title":{"rendered":"Support us"},"content":{"rendered":"<p class=\"has-medium-font-size\">We and our animals appreciate all possible support. Every donation is used to ensure the animal welfare of our residents.<\/p>\n\n\n\n<h3 class=\"wp-block-heading has-medium-font-size\">Tell a friend<\/h3>\n\n\n\n<p class=\"has-medium-font-size\">Help us spread our mission for animals and animal welfare around the world. Tell your friends, follow us on <a rel=\"noreferrer noopener\" href=\"https:\/\/www.facebook.com\/lebenshof.odenwald\/\" target=\"_blank\">Facebook<\/a> and <a rel=\"noreferrer noopener\" href=\"https:\/\/www.instagram.com\/lebenshof_odenwald\/\" target=\"_blank\">Instagram<\/a>like, share and comment on our content. This creates reach and helps our animals to reach many people.<\/p>\n\n\n\n<h3 class=\"wp-block-heading has-medium-font-size\">Donations<\/h3>\n\n\n<div class=\"wp-block-image\">\n<figure class=\"aligncenter size-full is-resized\"><a href=\"https:\/\/www.paypal.com\/donate?hosted_button_id=H4Y677DHDWPRN\" target=\"_blank\" rel=\"noreferrer noopener\"><img loading=\"lazy\" decoding=\"async\" width=\"1024\" height=\"354\" src=\"https:\/\/lebenshof-odenwald.de\/wp-content\/uploads\/2024\/06\/donate_large-1.jpg\" alt=\"\" class=\"wp-image-2114\" style=\"width:359px;height:auto\" srcset=\"https:\/\/lebenshof-odenwald.de\/wp-content\/uploads\/2024\/06\/donate_large-1.jpg 1024w, https:\/\/lebenshof-odenwald.de\/wp-content\/uploads\/2024\/06\/donate_large-1-300x104.jpg 300w, https:\/\/lebenshof-odenwald.de\/wp-content\/uploads\/2024\/06\/donate_large-1-768x266.jpg 768w, https:\/\/lebenshof-odenwald.de\/wp-content\/uploads\/2024\/06\/donate_large-1-18x6.jpg 18w, https:\/\/lebenshof-odenwald.de\/wp-content\/uploads\/2024\/06\/donate_large-1-174x60.jpg 174w\" sizes=\"auto, (max-width: 1024px) 100vw, 1024px\" \/><\/a><\/figure>\n<\/div>\n\n\n<p class=\"has-text-align-center\"><a href=\"https:\/\/www.xe.com\/de\/currencyconverter\/convert\/?Amount=1&amp;From=USD&amp;To=EUR\" target=\"_blank\" rel=\"noreferrer noopener\"><sub>Click here to convert euros to dollars.<\/sub><\/a><\/p>\n\n\n\n<script type=\"text\/javascript\" src=\"https:\/\/secure.fundraisingbox.com\/app\/paymentJS?hash=oll2ypnfzlnm7u66\"><\/script><noscript>Please enable JavaScript<\/noscript><a target=\"_blank\" href=\"https:\/\/www.fundraisingbox.com\/?utm_source=donation_form\" rel=\"noopener\"><img decoding=\"async\" border=\"0\" style=\"border: 0 !important\" src=\"https:\/\/secure.fundraisingbox.com\/images\/FundraisingBox-Logo-Widget.png\" alt=\"FundraisingBox Logo\" \/><\/a>\n\n\n\n<p><\/p>\n\n\n\n<p class=\"has-medium-font-size\"><strong>Bank transfer:<\/strong><\/p>\n\n\n\n<p class=\"has-medium-font-size\">Account holder: Lebenshof Odenwald e.V.<br>BIC: GENODE51FHO<br>IBAN: DE63 5096 1592 0000 0543 56<br>Credit institution: Volksbank Weschnitztal e.G.<\/p>\n\n\n\n<p><\/p>\n\n\n\n<h3 class=\"wp-block-heading has-medium-font-size\">Paypal<\/h3>\n\n\n\n<p class=\"has-medium-font-size\">Simply donate with Paypal at the e-mail address <strong>kontakt@lebenshof-odenwald.de<\/strong> or directly under <a rel=\"noreferrer noopener\" href=\"https:\/\/paypal.me\/lebenshofodenwald\" target=\"_blank\">https:\/\/paypal.me\/lebenshofodenwald<\/a>.<\/p>\n\n\n<div class=\"wp-block-image\">\n<figure class=\"aligncenter size-full is-resized\"><a href=\"https:\/\/paypal.me\/lebenshofodenwald\"><img loading=\"lazy\" decoding=\"async\" width=\"1024\" height=\"354\" src=\"https:\/\/lebenshof-odenwald.de\/wp-content\/uploads\/2023\/12\/donate_large-1.jpg\" alt=\"\" class=\"wp-image-1577\" style=\"width:327px;height:auto\" srcset=\"https:\/\/lebenshof-odenwald.de\/wp-content\/uploads\/2023\/12\/donate_large-1.jpg 1024w, https:\/\/lebenshof-odenwald.de\/wp-content\/uploads\/2023\/12\/donate_large-1-300x104.jpg 300w, https:\/\/lebenshof-odenwald.de\/wp-content\/uploads\/2023\/12\/donate_large-1-768x266.jpg 768w, https:\/\/lebenshof-odenwald.de\/wp-content\/uploads\/2023\/12\/donate_large-1-174x60.jpg 174w\" sizes=\"auto, (max-width: 1024px) 100vw, 1024px\" \/><\/a><\/figure>\n<\/div>\n\n\n<p><\/p>\n\n\n\n<h3 class=\"wp-block-heading has-medium-font-size\"><\/h3>\n\n\n\n<h3 class=\"wp-block-heading has-medium-font-size\">Food and material donations<\/h3>\n\n\n\n<p class=\"has-medium-font-size\">We purchase most of the products from our farmyard animals from <a rel=\"noreferrer noopener\" href=\"https:\/\/www.wiba-fachmarkt.de\/\" data-type=\"URL\" data-id=\"https:\/\/www.wiba-fachmarkt.de\/\" target=\"_blank\">WiBa specialist market<\/a> in M\u00f6rlenbach. We are very happy to receive vouchers from there or monetary donations so that we can continue to source our products regionally.<\/p>\n\n\n\n<p class=\"has-medium-font-size\">For sustainability reasons, we will not be sending our animals' Amazon wish lists in future. We are always very happy about the food and other packages that have been sent to us directly. Unfortunately, however, not every gift is always used. With a voucher from <a href=\"https:\/\/www.wiba-fachmarkt.de\/\" target=\"_blank\" rel=\"noreferrer noopener\">WiBa specialist market<\/a> or a monetary donation, you can always support our animals according to their needs and use.<\/p>\n\n\n\n<p><\/p>\n\n\n\n<h3 class=\"wp-block-heading has-medium-font-size\">Sponsorships<\/h3>\n\n\n\n<p class=\"has-medium-font-size\">If you would like to personally sponsor one of our animals, please send us a short e-mail to kontakt@lebenshof-odenwald.de. We will then send you a form and all the necessary information.<\/p>\n\n\n\n<p class=\"has-medium-font-size\">You will receive a personal sponsorship certificate for your sponsorship. There are also regular sponsor days on our farm where you can get to know your sponsored animal personally. <\/p>\n\n\n\n<p class=\"has-medium-font-size\">Sponsorships are of course possible as a gift. Just send us an e-mail and we will inform you about the procedure.<\/p>\n\n\n\n<p><\/p>\n\n\n\n<h3 class=\"wp-block-heading has-medium-font-size\">Donation receipt<\/h3>\n\n\n\n<p class=\"has-medium-font-size\">In Germany simplified verification requirements apply for donations up to a total of 300 euros\/year. This means that you can simply use a copy of your bank statement as proof and the tax authorities will recognize this.<\/p>\n\n\n\n<p class=\"has-medium-font-size\">If you need a donation receipt, please send us an e-mail to kontakt@lebenshof-odenwald.de (with your full postal address and details of when and how much you donated).<\/p>\n\n\n\n<p class=\"has-medium-font-size\">If you donate via the form embedded above (fundraising box), you can indicate whether you require a donation receipt or not. Your address will then be required and the donation receipt will be sent to you automatically.<\/p>\n\n\n\n<p><\/p>\n\n\n\n<div class=\"wp-block-buttons is-content-justification-center is-layout-flex wp-container-core-buttons-is-layout-16018d1d wp-block-buttons-is-layout-flex\"><\/div>\n\n\n\n<p><\/p>","protected":false},"excerpt":{"rendered":"<p>Wir und unsere Tiere freuen sich \u00fcber jedm\u00f6gliche Unterst\u00fctzung. Jede Spende wird dazu verwendet, das Tierwohl unserer Sch\u00fctzlinge sicher zu stellen. Weiter sagen Helft uns unsere Mission f\u00fcr die Tiere und den Tierschutz in die Welt zu tragen. Erz\u00e4hlt es euren Freunden, folgt uns auf Facebook und Instagram, liked, teilt und kommentiert unsere Inhalte. Das &hellip; <\/p>","protected":false},"author":1,"featured_media":0,"parent":0,"menu_order":0,"comment_status":"closed","ping_status":"closed","template":"","meta":{"ngg_post_thumbnail":0,"footnotes":""},"class_list":["post-258","page","type-page","status-publish","hentry","latest_post"],"_links":{"self":[{"href":"https:\/\/lebenshof-odenwald.de\/en\/wp-json\/wp\/v2\/pages\/258","targetHints":{"allow":["GET"]}}],"collection":[{"href":"https:\/\/lebenshof-odenwald.de\/en\/wp-json\/wp\/v2\/pages"}],"about":[{"href":"https:\/\/lebenshof-odenwald.de\/en\/wp-json\/wp\/v2\/types\/page"}],"author":[{"embeddable":true,"href":"https:\/\/lebenshof-odenwald.de\/en\/wp-json\/wp\/v2\/users\/1"}],"replies":[{"embeddable":true,"href":"https:\/\/lebenshof-odenwald.de\/en\/wp-json\/wp\/v2\/comments?post=258"}],"version-history":[{"count":68,"href":"https:\/\/lebenshof-odenwald.de\/en\/wp-json\/wp\/v2\/pages\/258\/revisions"}],"predecessor-version":[{"id":2334,"href":"https:\/\/lebenshof-odenwald.de\/en\/wp-json\/wp\/v2\/pages\/258\/revisions\/2334"}],"wp:attachment":[{"href":"https:\/\/lebenshof-odenwald.de\/en\/wp-json\/wp\/v2\/media?parent=258"}],"curies":[{"name":"wp","href":"https:\/\/api.w.org\/{rel}","templated":true}]}}