{"id":1826,"date":"2024-03-21T17:36:02","date_gmt":"2024-03-21T17:36:02","guid":{"rendered":"https:\/\/lebenshof-odenwald.de\/?page_id=1826"},"modified":"2024-10-02T03:13:35","modified_gmt":"2024-10-02T03:13:35","slug":"lebenshof-geschichten","status":"publish","type":"page","link":"https:\/\/lebenshof-odenwald.de\/en\/lebenshof-geschichten","title":{"rendered":"Tales Of The Sanctuary"},"content":{"rendered":"<figure class=\"wp-block-embed aligncenter is-type-video is-provider-youtube wp-block-embed-youtube wp-embed-aspect-16-9 wp-has-aspect-ratio\"><div class=\"wp-block-embed__wrapper\">\n<iframe loading=\"lazy\" title=\"Lebenshof Geschichten # 1\" width=\"790\" height=\"444\" src=\"https:\/\/www.youtube.com\/embed\/Qxl59PKA09M?feature=oembed\" frameborder=\"0\" allow=\"accelerometer; autoplay; clipboard-write; encrypted-media; gyroscope; picture-in-picture; web-share\" allowfullscreen><\/iframe>\n<\/div><figcaption class=\"wp-element-caption\"><a href=\"https:\/\/youtube.com\/@moustache_farmer?sub_confirmation=1\" target=\"_blank\" rel=\"noreferrer noopener\"><em>Subscribe to the Tales Of The Sanctuary on YouTube<\/em><\/a><\/figcaption><\/figure>\n\n\n\n<p>With these stories I would like to take you with me to the sanctuary, give you an insight into our work, show you encounters that touch me every day, and above all I would like to give the animals themselves a voice and show that behind each of these creatures there is a personality of its own, with its own feelings and emotions.<\/p>\n\n\n<div class=\"wp-block-image\">\n<figure class=\"alignleft size-large is-resized\"><img loading=\"lazy\" decoding=\"async\" width=\"1024\" height=\"683\" src=\"https:\/\/lebenshof-odenwald.de\/wp-content\/uploads\/2024\/03\/2024-01-14_Joar-Berge_TA_00030_digital-1024x683.jpg\" alt=\"Kuh Hanni, Sohn Mogli Junior und Joar\" class=\"wp-image-1883\" style=\"width:345px;height:auto\" srcset=\"https:\/\/lebenshof-odenwald.de\/wp-content\/uploads\/2024\/03\/2024-01-14_Joar-Berge_TA_00030_digital-1024x683.jpg 1024w, https:\/\/lebenshof-odenwald.de\/wp-content\/uploads\/2024\/03\/2024-01-14_Joar-Berge_TA_00030_digital-300x200.jpg 300w, https:\/\/lebenshof-odenwald.de\/wp-content\/uploads\/2024\/03\/2024-01-14_Joar-Berge_TA_00030_digital-768x512.jpg 768w, https:\/\/lebenshof-odenwald.de\/wp-content\/uploads\/2024\/03\/2024-01-14_Joar-Berge_TA_00030_digital-1536x1024.jpg 1536w, https:\/\/lebenshof-odenwald.de\/wp-content\/uploads\/2024\/03\/2024-01-14_Joar-Berge_TA_00030_digital-2048x1365.jpg 2048w, https:\/\/lebenshof-odenwald.de\/wp-content\/uploads\/2024\/03\/2024-01-14_Joar-Berge_TA_00030_digital-18x12.jpg 18w, https:\/\/lebenshof-odenwald.de\/wp-content\/uploads\/2024\/03\/2024-01-14_Joar-Berge_TA_00030_digital-90x60.jpg 90w, https:\/\/lebenshof-odenwald.de\/wp-content\/uploads\/2024\/03\/2024-01-14_Joar-Berge_TA_00030_digital-374x249.jpg 374w\" sizes=\"auto, (max-width: 1024px) 100vw, 1024px\" \/><\/figure>\n<\/div>\n\n\n<h2 class=\"wp-block-heading\">Happy end for father, mother and children<\/h2>\n\n\n\n<p>The story of Hanni and Mogli Junior - mother and son, who moved in with us a few weeks ago - is not really a classic rescue story. And yet it is a story with <strong>Happy end for father, mother and children<\/strong>.<\/p>\n\n\n\n<div class=\"wp-block-buttons is-content-justification-center is-layout-flex wp-container-core-buttons-is-layout-16018d1d wp-block-buttons-is-layout-flex\">\n<div class=\"wp-block-button is-style-outline is-style-outline--2\"><a class=\"wp-block-button__link wp-element-button\" href=\"https:\/\/lebenshof-odenwald.de\/en\/hanni-junior\/\"><mark style=\"background-color:#ffffff;color:#bf8254\" class=\"has-inline-color\"><strong>Read Happy Ending story<\/strong><\/mark> <mark style=\"background-color:#ffffff;color:#bf8254\" class=\"has-inline-color\"><\/mark><\/a><\/div>\n<\/div>\n\n\n\n<p><\/p>\n\n\n<div class=\"wp-block-image\">\n<figure class=\"alignleft size-large is-resized\"><img loading=\"lazy\" decoding=\"async\" width=\"683\" height=\"1024\" src=\"https:\/\/lebenshof-odenwald.de\/wp-content\/uploads\/2024\/03\/2021-09-03_IMG00911_TA_print-Tobias-Arnold-683x1024.jpg\" alt=\"\" class=\"wp-image-1830\" style=\"width:219px;height:auto\" srcset=\"https:\/\/lebenshof-odenwald.de\/wp-content\/uploads\/2024\/03\/2021-09-03_IMG00911_TA_print-Tobias-Arnold-683x1024.jpg 683w, https:\/\/lebenshof-odenwald.de\/wp-content\/uploads\/2024\/03\/2021-09-03_IMG00911_TA_print-Tobias-Arnold-200x300.jpg 200w, https:\/\/lebenshof-odenwald.de\/wp-content\/uploads\/2024\/03\/2021-09-03_IMG00911_TA_print-Tobias-Arnold-768x1152.jpg 768w, https:\/\/lebenshof-odenwald.de\/wp-content\/uploads\/2024\/03\/2021-09-03_IMG00911_TA_print-Tobias-Arnold-1024x1536.jpg 1024w, https:\/\/lebenshof-odenwald.de\/wp-content\/uploads\/2024\/03\/2021-09-03_IMG00911_TA_print-Tobias-Arnold-1365x2048.jpg 1365w, https:\/\/lebenshof-odenwald.de\/wp-content\/uploads\/2024\/03\/2021-09-03_IMG00911_TA_print-Tobias-Arnold-8x12.jpg 8w, https:\/\/lebenshof-odenwald.de\/wp-content\/uploads\/2024\/03\/2021-09-03_IMG00911_TA_print-Tobias-Arnold-40x60.jpg 40w, https:\/\/lebenshof-odenwald.de\/wp-content\/uploads\/2024\/03\/2021-09-03_IMG00911_TA_print-Tobias-Arnold-scaled.jpg 1707w\" sizes=\"auto, (max-width: 683px) 100vw, 683px\" \/><\/figure>\n<\/div>\n\n\n<h3 class=\"wp-block-heading\">About the author<\/h3>\n\n\n\n<p>Joar Berge besa\u00df schon als Kind eine au\u00dfergew\u00f6hnliche Verbindung zu K\u00fchen, die sein gesamtes Leben pr\u00e4gen sollte. Nach Jahren exzessiven Stadtlebens in verschiedenen Metropolen folgt Joar seinem eigentlichen Traum und schenkt den Rindern Dagi und Emma einen Lebensplatz. Diese Entscheidung gab seinem Leben eine komplett andere Richtung und offenbarte ihm den Stellenwert besonderer Tier-Mensch-Beziehungen. Unz\u00e4hlige Stunden verbringt Joar seitdem auf der Kuhweide, f\u00fcgt sich in den Rhythmus der gr\u00f6\u00dfer werdenden Kuhherde ein und l\u00e4sst uns an seinen Erlebnissen teilhaben. Dann trifft Joar eine weitere richtungsweisende Entscheidung \u2013 nicht nur f\u00fcr sein eigenes Leben: Gemeinsam mit Freunden gr\u00fcndet er einen Lebenshof f\u00fcr Tiere. Damit wird sein Traum zur pers\u00f6nlichen Berufung. <\/p>\n\n\n\n<h4 class=\"wp-block-heading\">Follow Joar Berge on other channels<\/h4>\n\n\n\n<p><a href=\"https:\/\/www.moustache-farmer.de\/\" target=\"_blank\" rel=\"noreferrer noopener\">Website<\/a> | <a href=\"https:\/\/www.instagram.com\/moustache_farmer\/\" data-type=\"link\" data-id=\"https:\/\/www.instagram.com\/moustache_farmer\/\" target=\"_blank\" rel=\"noreferrer noopener\">Instagram<\/a> | <a href=\"https:\/\/www.facebook.com\/moustachefarmer\/\" data-type=\"link\" data-id=\"https:\/\/www.facebook.com\/moustachefarmer\/\" target=\"_blank\" rel=\"noreferrer noopener\">Facebook<\/a> | <a href=\"https:\/\/youtube.com\/@moustache_farmer\" target=\"_blank\" rel=\"noreferrer noopener\">YouTube<\/a> | <a href=\"https:\/\/www.tiktok.com\/@moustache_farmer\">TikTok<\/a> | <a href=\"https:\/\/www.threads.net\/@moustache_farmer\" target=\"_blank\" rel=\"noreferrer noopener\">Threads<\/a><\/p>","protected":false},"excerpt":{"rendered":"<p>Mit diesen Geschichten m\u00f6chte ich euch mit auf den Lebenshof nehmen, euch Einblicke in unsere Arbeit geben, Begegnungen zeigen, die mich jeden Tag ber\u00fchren, und vor allem m\u00f6chte ich eins, den Tieren selbst eine Stimme geben und zeigen, dass hinter jedem dieser Wesen eine eigene Pers\u00f6nlichkeit, mit eigenen Gef\u00fchlen und Emotionen steckt. Happy End f\u00fcr &hellip; <\/p>","protected":false},"author":1,"featured_media":0,"parent":0,"menu_order":0,"comment_status":"closed","ping_status":"closed","template":"","meta":{"ngg_post_thumbnail":0,"footnotes":""},"class_list":["post-1826","page","type-page","status-publish","hentry","latest_post"],"_links":{"self":[{"href":"https:\/\/lebenshof-odenwald.de\/en\/wp-json\/wp\/v2\/pages\/1826","targetHints":{"allow":["GET"]}}],"collection":[{"href":"https:\/\/lebenshof-odenwald.de\/en\/wp-json\/wp\/v2\/pages"}],"about":[{"href":"https:\/\/lebenshof-odenwald.de\/en\/wp-json\/wp\/v2\/types\/page"}],"author":[{"embeddable":true,"href":"https:\/\/lebenshof-odenwald.de\/en\/wp-json\/wp\/v2\/users\/1"}],"replies":[{"embeddable":true,"href":"https:\/\/lebenshof-odenwald.de\/en\/wp-json\/wp\/v2\/comments?post=1826"}],"version-history":[{"count":22,"href":"https:\/\/lebenshof-odenwald.de\/en\/wp-json\/wp\/v2\/pages\/1826\/revisions"}],"predecessor-version":[{"id":2192,"href":"https:\/\/lebenshof-odenwald.de\/en\/wp-json\/wp\/v2\/pages\/1826\/revisions\/2192"}],"wp:attachment":[{"href":"https:\/\/lebenshof-odenwald.de\/en\/wp-json\/wp\/v2\/media?parent=1826"}],"curies":[{"name":"wp","href":"https:\/\/api.w.org\/{rel}","templated":true}]}}